{"id":110,"date":"2017-07-14T03:18:22","date_gmt":"2017-07-14T03:18:22","guid":{"rendered":"http:\/\/ganesa.nanothemes.co\/?page_id=110"},"modified":"2025-07-14T12:33:28","modified_gmt":"2025-07-14T15:33:28","slug":"home-main","status":"publish","type":"page","link":"https:\/\/www.noorskin.com.br\/blog\/","title":{"rendered":"Home Main"},"content":{"rendered":"<div class=\"wpb-content-wrapper\"><p>[vc_row full_width=&#8221;stretch_row&#8221; el_class=&#8221;desktop&#8221;][vc_column css=&#8221;.vc_custom_1650887746331{margin-bottom: 50px !important;}&#8221;]        <div class=\"box-sliders box-sliders-half\">\n            <div class=\"article-carousel\" data-rtl=\"false\"  data-table=\"1\" data-number=\"1\" data-mobile = \"1\" data-mobilemin = \"1\" data-dots=\"true\" data-arrows=\"false\">\n                \n    <article class=\"post-item posts-half clearfix  post-6533 post type-post status-publish format-standard has-post-thumbnail hentry category-mind category-latest-posts tag-fashion tag-lifestyle tag-news tag-style\">\n        <div class=\"article-image post-half\">\n                                                            <div class=\"post-image lazy\" style = \"background-image:url(&#039;https:\/\/www.noorskin.com.br\/blog\/wp-content\/uploads\/2026\/04\/capa.jpg&#039;)\">\n                            <a href=\"https:\/\/www.noorskin.com.br\/blog\/microbioma-intimo\/\"><\/a>\n                        <\/div>\n                                                    <div class=\"article-content\">\n                    <div class=\"entry-header clearfix\">\n                        <header class=\"entry-header-title\">\n                            <h3 class=\"entry-title home\"><a href=\"https:\/\/www.noorskin.com.br\/blog\/microbioma-intimo\/\" rel=\"bookmark\">Microbioma \u00edntimo: por que ele \u00e9 essencial para a sa\u00fade feminina<\/a><\/h3>                        <\/header>\n\t\t\t\t\t\t\t<span class=\"post-cat carousel\" style=\"display: block;\">                <a href=\"https:\/\/www.noorskin.com.br\/blog\/mind\/\"   title=\"View all posts in Mind\" >\n                    Mind                <\/a>\n                                            <a href=\"https:\/\/www.noorskin.com.br\/blog\/latest-posts\/\"  title=\"View all posts in Latest posts\" >\n                    Latest posts                <\/a>\n            <\/span> <br>\n\t\t\t\t\t\t\t<span class=\"reading-time\"><img loading=\"lazy\" decoding=\"async\" style=\"margin-right: 5px;\" src=\"https:\/\/www.noorskin.com.br\/blog\/wp-content\/uploads\/2022\/05\/RELOGIO.svg\" alt=\"relogio\" width=\"14\" height=\"14\"> 21 min. de leitura<\/span>\n                        <div class=\"article-meta clearfix\">\n                            <span class=\"posted-on\"><span class=\"screen-reader-text\">Posted on <\/span><a href=\"https:\/\/www.noorskin.com.br\/blog\/microbioma-intimo\/\" rel=\"bookmark\"><time class=\"entry-date published\" datetime=\"2026-04-28T14:02:21-03:00\">28 de abril de 2026<\/time><time class=\"updated\" datetime=\"2026-04-28T14:31:58-03:00\">28 de abril de 2026<\/time><\/a><\/span>\n                        <\/div>\n\n                    <\/div>\n                    <div class=\"entry-content\">\n                                <div class=\"entry-excerpt\">\n            <p>Um ecossistema invis\u00edvel, mas poderoso. Entenda o papel do microbioma \u00edntimo na sa\u00fade feminina e como manter o seu equil\u00edbrio com ci\u00eancia, gentileza e escolhas conscientes.<\/p>\n        <\/div><!-- .entry-excerpt -->\n                        <\/div>\n                    <a  class=\"btn-read\" href=\"https:\/\/www.noorskin.com.br\/blog\/microbioma-intimo\/\">Ver mat\u00e9ria completa<\/a>\n\n                <\/div>\n        <\/div>\n    <\/article><!-- #post-## -->\n<!--<a href=\"--><!--\" class=\"text-comment\">-->\n    <article class=\"post-item posts-half clearfix  post-6504 post type-post status-publish format-standard has-post-thumbnail hentry category-mind category-latest-posts category-skin tag-fashion tag-lifestyle tag-news tag-style\">\n        <div class=\"article-image post-half\">\n                                                            <div class=\"post-image lazy\" style = \"background-image:url(&#039;https:\/\/www.noorskin.com.br\/blog\/wp-content\/uploads\/2026\/04\/Efeitos-dos-analogos-de-GLP-1-na-pele-o-que-dizem-os-estudos.jpg&#039;)\">\n                            <a href=\"https:\/\/www.noorskin.com.br\/blog\/glp-1-na-pele\/\"><\/a>\n                        <\/div>\n                                                    <div class=\"article-content\">\n                    <div class=\"entry-header clearfix\">\n                        <header class=\"entry-header-title\">\n                            <h3 class=\"entry-title home\"><a href=\"https:\/\/www.noorskin.com.br\/blog\/glp-1-na-pele\/\" rel=\"bookmark\">Efeitos dos an\u00e1logos de GLP-1 na pele: o que dizem os estudos<\/a><\/h3>                        <\/header>\n\t\t\t\t\t\t\t<span class=\"post-cat carousel\" style=\"display: block;\">                <a href=\"https:\/\/www.noorskin.com.br\/blog\/mind\/\"   title=\"View all posts in Mind\" >\n                    Mind                <\/a>\n                                            <a href=\"https:\/\/www.noorskin.com.br\/blog\/latest-posts\/\"  title=\"View all posts in Latest posts\" >\n                    Latest posts                <\/a>\n                            <a href=\"https:\/\/www.noorskin.com.br\/blog\/skin\/\"  title=\"View all posts in Skin\" >\n                    Skin                <\/a>\n            <\/span> <br>\n\t\t\t\t\t\t\t<span class=\"reading-time\"><img loading=\"lazy\" decoding=\"async\" style=\"margin-right: 5px;\" src=\"https:\/\/www.noorskin.com.br\/blog\/wp-content\/uploads\/2022\/05\/RELOGIO.svg\" alt=\"relogio\" width=\"14\" height=\"14\"> 17 min. de leitura<\/span>\n                        <div class=\"article-meta clearfix\">\n                            <span class=\"posted-on\"><span class=\"screen-reader-text\">Posted on <\/span><a href=\"https:\/\/www.noorskin.com.br\/blog\/glp-1-na-pele\/\" rel=\"bookmark\"><time class=\"entry-date published\" datetime=\"2026-04-06T15:16:43-03:00\">6 de abril de 2026<\/time><time class=\"updated\" datetime=\"2026-04-10T16:02:47-03:00\">10 de abril de 2026<\/time><\/a><\/span>\n                        <\/div>\n\n                    <\/div>\n                    <div class=\"entry-content\">\n                                <div class=\"entry-excerpt\">\n            <p>Sabemos que as canetas emagrecedoras s\u00e3o utilizadas para gerenciar o peso, mas elas podem impactar a sa\u00fade da pele em quesitos pouco conhecidos. Descubra quais s\u00e3o.<\/p>\n        <\/div><!-- .entry-excerpt -->\n                        <\/div>\n                    <a  class=\"btn-read\" href=\"https:\/\/www.noorskin.com.br\/blog\/glp-1-na-pele\/\">Ver mat\u00e9ria completa<\/a>\n\n                <\/div>\n        <\/div>\n    <\/article><!-- #post-## -->\n<!--<a href=\"--><!--\" class=\"text-comment\">-->\n    <article class=\"post-item posts-half clearfix  post-6457 post type-post status-publish format-standard has-post-thumbnail hentry category-mind category-latest-posts category-skin tag-fashion tag-lifestyle tag-news tag-style\">\n        <div class=\"article-image post-half\">\n                                                            <div class=\"post-image lazy\" style = \"background-image:url(&#039;https:\/\/www.noorskin.com.br\/blog\/wp-content\/uploads\/2026\/02\/Ciencia-com-proposito-como-nascem-as-formulas-da-Noorskin.jpg&#039;)\">\n                            <a href=\"https:\/\/www.noorskin.com.br\/blog\/formulas-noorskin\/\"><\/a>\n                        <\/div>\n                                                    <div class=\"article-content\">\n                    <div class=\"entry-header clearfix\">\n                        <header class=\"entry-header-title\">\n                            <h3 class=\"entry-title home\"><a href=\"https:\/\/www.noorskin.com.br\/blog\/formulas-noorskin\/\" rel=\"bookmark\">Ci\u00eancia com prop\u00f3sito: como nascem as f\u00f3rmulas da Noorskin?<\/a><\/h3>                        <\/header>\n\t\t\t\t\t\t\t<span class=\"post-cat carousel\" style=\"display: block;\">                <a href=\"https:\/\/www.noorskin.com.br\/blog\/mind\/\"   title=\"View all posts in Mind\" >\n                    Mind                <\/a>\n                                            <a href=\"https:\/\/www.noorskin.com.br\/blog\/latest-posts\/\"  title=\"View all posts in Latest posts\" >\n                    Latest posts                <\/a>\n                            <a href=\"https:\/\/www.noorskin.com.br\/blog\/skin\/\"  title=\"View all posts in Skin\" >\n                    Skin                <\/a>\n            <\/span> <br>\n\t\t\t\t\t\t\t<span class=\"reading-time\"><img loading=\"lazy\" decoding=\"async\" style=\"margin-right: 5px;\" src=\"https:\/\/www.noorskin.com.br\/blog\/wp-content\/uploads\/2022\/05\/RELOGIO.svg\" alt=\"relogio\" width=\"14\" height=\"14\"> 12 min. de leitura<\/span>\n                        <div class=\"article-meta clearfix\">\n                            <span class=\"posted-on\"><span class=\"screen-reader-text\">Posted on <\/span><a href=\"https:\/\/www.noorskin.com.br\/blog\/formulas-noorskin\/\" rel=\"bookmark\"><time class=\"entry-date published\" datetime=\"2026-02-24T18:35:45-03:00\">24 de fevereiro de 2026<\/time><time class=\"updated\" datetime=\"2026-03-11T11:53:01-03:00\">11 de mar\u00e7o de 2026<\/time><\/a><\/span>\n                        <\/div>\n\n                    <\/div>\n                    <div class=\"entry-content\">\n                                <div class=\"entry-excerpt\">\n            <p>Com uma equipe multidisciplinar envolvida em todos os processos e f\u00f3rmulas limpas que cuidam da pele com ci\u00eancia e seguran\u00e7a, vamos mergulhar nos bastidores da Noorskin e descobrir como os produtos s\u00e3o criados.<\/p>\n        <\/div><!-- .entry-excerpt -->\n                        <\/div>\n                    <a  class=\"btn-read\" href=\"https:\/\/www.noorskin.com.br\/blog\/formulas-noorskin\/\">Ver mat\u00e9ria completa<\/a>\n\n                <\/div>\n        <\/div>\n    <\/article><!-- #post-## -->\n<!--<a href=\"--><!--\" class=\"text-comment\">-->            <\/div>\n        <\/div>\n        \n\n\n[\/vc_column][\/vc_row][vc_row full_width=&#8221;stretch_row_content&#8221; disable_element=&#8221;yes&#8221;][vc_column]<div class=\"box-featured clearfix\">\n            <h5 class=\"box-title\">Trending Posts<\/h5>\n    \n    <div class=\"posts-featured article-carousel show-meta\" data-rtl=\"false\" data-number=\"3\"  data-dots=\"false\" data-table=\"2\" data-mobile = \"2\" data-mobilemin = \"2\" data-arrows=\"true\">\n                    <\/div>\n<\/div>\n\n\n\n[\/vc_column][\/vc_row][vc_row full_width=&#8221;stretch_row&#8221; content_placement=&#8221;middle&#8221; disable_element=&#8221;yes&#8221;][vc_column]\n<div class=\"wrapper-posts box-recent type-infiniteScroll layout-trans style-no\"\n     data-layout=\"trans\"\n     data-paged=\"0\"\n     data-cat=\"autocuidado,beleza,saude\"\n     data-number=\"1000\"\n     data-ads=\"\">\n\n                                            <div class=\"tab-content\">\n                    <div class=\"content-category cats-trans\">\n                    <div class=\"rows affect-isotope clearfix\">\n                                                \n                        \n                    <\/div>\n                <\/div>\n                <\/div>\n            \n\n            <span id=\"nextPage\" class=\"button\">\n        <\/span>\n        <\/div>[\/vc_column][\/vc_row][vc_row full_width=&#8221;stretch_row&#8221; disable_element=&#8221;yes&#8221;][vc_column][vc_basic_grid post_type=&#8221;post&#8221; max_items=&#8221;1000&#8243; gap=&#8221;35&#8243; item=&#8221;3195&#8243; initial_loading_animation=&#8221;none&#8221; grid_id=&#8221;vc_gid:1714659020460-89202cf7-c255-10&#8243; taxonomies=&#8221;2, 3, 4&#8243;][\/vc_column][\/vc_row][vc_row full_width=&#8221;stretch_row&#8221;][vc_column][vc_widget_sidebar sidebar_id=&#8221;archive&#8221;][\/vc_column][\/vc_row]<\/p>\n<\/div>","protected":false},"excerpt":{"rendered":"<p>[vc_row full_width=&#8221;stretch_row&#8221; el_class=&#8221;desktop&#8221;][vc_column css=&#8221;.vc_custom_1650887746331{margin-bottom: 50px !important;}&#8221;][\/vc_column][\/vc_row][vc_row full_width=&#8221;stretch_row_content&#8221; disable_element=&#8221;yes&#8221;][vc_column][\/vc_column][\/vc_row][vc_row full_width=&#8221;stretch_row&#8221; content_placement=&#8221;middle&#8221; disable_element=&#8221;yes&#8221;][vc_column][\/vc_column][\/vc_row][vc_row full_width=&#8221;stretch_row&#8221; disable_element=&#8221;yes&#8221;][vc_column][vc_basic_grid post_type=&#8221;post&#8221; max_items=&#8221;1000&#8243; gap=&#8221;35&#8243; item=&#8221;3195&#8243; initial_loading_animation=&#8221;none&#8221; grid_id=&#8221;vc_gid:1714659020460-89202cf7-c255-10&#8243; taxonomies=&#8221;2, 3, 4&#8243;][\/vc_column][\/vc_row][vc_row full_width=&#8221;stretch_row&#8221;][vc_column][vc_widget_sidebar sidebar_id=&#8221;archive&#8221;][\/vc_column][\/vc_row]<\/p>\n","protected":false},"author":1,"featured_media":0,"parent":0,"menu_order":0,"comment_status":"closed","ping_status":"closed","template":"","meta":{"inline_featured_image":false,"footnotes":""},"class_list":["post-110","page","type-page","status-publish","hentry"],"_links":{"self":[{"href":"https:\/\/www.noorskin.com.br\/blog\/wp-json\/wp\/v2\/pages\/110","targetHints":{"allow":["GET"]}}],"collection":[{"href":"https:\/\/www.noorskin.com.br\/blog\/wp-json\/wp\/v2\/pages"}],"about":[{"href":"https:\/\/www.noorskin.com.br\/blog\/wp-json\/wp\/v2\/types\/page"}],"author":[{"embeddable":true,"href":"https:\/\/www.noorskin.com.br\/blog\/wp-json\/wp\/v2\/users\/1"}],"replies":[{"embeddable":true,"href":"https:\/\/www.noorskin.com.br\/blog\/wp-json\/wp\/v2\/comments?post=110"}],"version-history":[{"count":47,"href":"https:\/\/www.noorskin.com.br\/blog\/wp-json\/wp\/v2\/pages\/110\/revisions"}],"predecessor-version":[{"id":6114,"href":"https:\/\/www.noorskin.com.br\/blog\/wp-json\/wp\/v2\/pages\/110\/revisions\/6114"}],"wp:attachment":[{"href":"https:\/\/www.noorskin.com.br\/blog\/wp-json\/wp\/v2\/media?parent=110"}],"curies":[{"name":"wp","href":"https:\/\/api.w.org\/{rel}","templated":true}]}}